{"id":1713,"date":"2021-05-18T12:59:18","date_gmt":"2021-05-18T12:59:18","guid":{"rendered":"http:\/\/mazowieckiszlaktradycji.pl\/kontakt\/"},"modified":"2021-11-02T14:11:07","modified_gmt":"2021-11-02T14:11:07","slug":"contact","status":"publish","type":"page","link":"https:\/\/mazowieckiszlaktradycji.pl\/en\/contact\/","title":{"rendered":"Contact"},"content":{"rendered":"\n\n\n<div class=\"row\">\n<div class=\"col-xl-5 col-lg-5 col-md-12 col-sm-12 col-xs-12\">\n\n<div class=\"con_left1\">\n<h2>Urz\u0105d Marsza\u0142kowski Wojew\u00f3dztwa Mazowieckiego w Warszawie<\/h2>\n<br \/>\n\n<div class=\"contact_text\">\n<p>Departament Kultury, Promocji i Turystyki<br \/>\nWydzia\u0142 ds. Tworzenia Przestrzeni<br \/>\nKulturowej i Turystycznej<\/p>\n<\/div>\n<\/div>\n\n<div class=\"con_left\">\n<div class=\"con_add\">\n      <div class=\"con_add_img\"><img decoding=\"async\" src=\"https:\/\/mazowieckiszlaktradycji.pl\/wp-content\/themes\/mst\/images\/location_black.svg\" alt=\"Lokalizacja\"><\/div>\n      <div class=\"con_add_text\"> ul. Brechta 3, 03-719 Warszawa<\/div>\n    <\/div>\n    <div class=\"con_add\">\n      <div class=\"con_add_img\"><img decoding=\"async\" src=\"https:\/\/mazowieckiszlaktradycji.pl\/wp-content\/themes\/mst\/images\/phone_black.svg\" alt=\"Telefon\"><\/div>\n      <div class=\"con_add_text\">tel. +48 22 59 79 514 (w godz. 8.00-16.00)<\/div>\n    <\/div>\n    <div class=\"con_add\">\n      <div class=\"con_add_img\"><img decoding=\"async\" src=\"https:\/\/mazowieckiszlaktradycji.pl\/wp-content\/themes\/mst\/images\/mail_black.svg\" alt=\"E-mail\"><\/div>\n      <div class=\"con_add_text\"><a href=\"mailto:mst@mazovia.pl\" id=\"tabnext\">mst@mazovia.pl<\/a><\/div>\n    <\/div>\n<div class=\"space_50\"><\/div>\n<\/div>\n<\/div>\n\n<div class=\"col-xl-7 col-lg-7 col-md-12 col-sm-12 col-xs-12\">\n\n<div id=\"mapTematycznek\" class=\"mapTematycznek\"><\/div>\n\n<!--<iframe src=\"https:\/\/www.google.com\/maps\/embed?pb=!1m18!1m12!1m3!1d2442.147723134828!2d21.026934915601053!3d52.25886246330168!2m3!1f0!2f0!3f0!3m2!1i1024!2i768!4f13.1!3m3!1m2!1s0x471ecc157138e719%3A0xa8e112afb6195e3e!2sBertolta%20Brechta%203%2C%2003-472%20Warszawa%2C%20Poland!5e0!3m2!1sen!2sin!4v1630674665280!5m2!1sen!2sin\" width=\"100%\" height=\"350\" style=\"border:0;\" allowfullscreen=\"\" loading=\"lazy\"><\/iframe>-->\n<\/div>\n\n<\/div>\n<style>\n\n.mapTematycznek {\n\twidth: 100%;\n\theight: 400px;\n\toverflow: hidden;\n}\n\n<\/style>\n\n<script src=\"https:\/\/maps.googleapis.com\/maps\/api\/js?key=AIzaSyCKrKlB62edXVQyL1vTFnnhn1PbGDWf2AY\"><\/script>\n\n<script>\n              var google;\n              var map;\n              var markers = [];\n             \n              function initMap() {\n               \n                if(jQuery(\".mapTematyczne2\").length>0){\n                  var latV = jQuery('.tematyczne').data('lat');\n                  var lngV = jQuery('.tematyczne').data('lng');\n                  var center = {lat: latV, lng: lngV}\n                  var ustron = {lat: 49.791675, lng: 19.0396528};\n                  var zoomVal = 8;\n                }else{\n                  var center = {lat: 52.2588592, lng: 21.0291236}\n                  var ustron = {lat: 49.791675, lng: 19.0396528};\n                  var zoomVal = 12;\n                }\n\n                setTimeout(function(){ \n                  \n                    map = new google.maps.Map(document.getElementById('mapTematycznek'), {\n                      zoom: zoomVal,\n                      styles: [\n  {\n        \"featureType\": \"administrative\",\n        \"elementType\": \"labels.text.fill\",\n        \"stylers\": [\n            {\n                \"color\": \"#787878\"\n            }\n        ]\n    },\n    {\n        \"featureType\": \"administrative.neighborhood\",\n        \"elementType\": \"labels.text\",\n        \"stylers\": [\n            {\n                \"visibility\": \"off\"\n            }\n        ]\n    },\n    {\n        \"featureType\": \"administrative.land_parcel\",\n        \"elementType\": \"labels.text.fill\",\n        \"stylers\": [\n            {\n                \"visibility\": \"off\"\n            }\n        ]\n    },\n    {\n        \"featureType\": \"landscape\",\n        \"elementType\": \"geometry\",\n        \"stylers\": [\n            {\n                \"color\": \"#bee2c9\"\n            }\n        ]\n    },\n    {\n        \"featureType\": \"landscape.man_made\",\n        \"elementType\": \"geometry.fill\",\n        \"stylers\": [\n            {\n                \"color\": \"#e8eaed\"\n            }\n        ]\n    },\n    {\n        \"featureType\": \"poi.park\",\n        \"elementType\": \"geometry.fill\",\n        \"stylers\": [\n            {\n                \"color\": \"#a3d8b1\"\n            }\n        ]\n    },\n    {\n        \"featureType\": \"road.highway\",\n        \"elementType\": \"geometry.fill\",\n        \"stylers\": [\n            {\n                \"color\": \"#ffbe00\"\n            }\n        ]\n    },\n    {\n        \"featureType\": \"road.highway\",\n        \"elementType\": \"geometry.stroke\",\n        \"stylers\": [\n            {\n                \"color\": \"#ffb000\"\n            }\n        ]\n    }\n],\n                      center: center,\n                      fullscreenControl: false,\n                      mapTypeControl: false\n                  });\n\t\t\t\t  \n\t\t\t\t\n\n\n\n              \n                    var lat = parseFloat(52.2588592);\n                    var lng = parseFloat(21.0291236);\n                    var title = \"ul. Brechta 3, 03-719 Warszawa\";\n                    var url = \"\";\n\t\t\t\t\tvar mapMarker =\"https:\/\/mazowieckiszlaktradycji.pl\/wp-content\/uploads\/2021\/09\/map-localization.png\";\n\n                    var location = {lat: lat, lng: lng};\n                    \n                    addMarker(location, title, url,mapMarker);\n              \n\n                 }, 50);\n\t\t\t\t \n\t\t\t}\n\n              \/\/ Adds a marker to the map and push to the array.\n                function addMarker(location, title, url,mapMarker) {\n                    var image = mapMarker+'?v1';\n                    var marker = new google.maps.Marker({\n                        position: location,\n                        map: map,\n                        icon: image,\n                        title: title,\n                        url: url,\n                    });\n                    markers.push(marker);                    \n                    \/\/ Add marker click event\n                    google.maps.event.addListener(marker, 'click', function() {\n\t\t\t\t\t  window.location.href = marker.url;\n                      \/\/console.log('click2');\n                    });\n                }\n\n              \/\/ Sets the map on all markers in the array.\n              function setMapOnAll(map) {\n                for (var i = 0; i < markers.length; i++) {\n                  markers[i].setMap(map);\n                }\n              }\n\n              \/\/ Removes the markers from the map, but keeps them in the array.\n              function clearMarkers() {\n                setMapOnAll(null);\n              }\n\n              \/\/ Deletes all markers in the array by removing references to them.\n              function deleteMarkers() {\n                clearMarkers();\n                markers = [];\n              }\n              \n              setTimeout(function(){ initMap(); }, 350);\n\n\n             \/\/ &#038;callback=initMap\n        <\/script>\n\t\t\n      \n\n\n<div style=\"color:#ddd\" class=\"wp-block-atomic-blocks-ab-spacer ab-block-spacer ab-divider-solid ab-divider-size-1\"><hr style=\"height:97px\"\/><\/div>\n","protected":false},"excerpt":{"rendered":"","protected":false},"author":1,"featured_media":8419,"parent":0,"menu_order":19,"comment_status":"closed","ping_status":"closed","template":"page-templates\/template-inner-page.php","meta":{"_acf_changed":false,"_eb_attr":"","inline_featured_image":false,"footnotes":""},"class_list":["post-1713","page","type-page","status-publish","has-post-thumbnail","hentry"],"acf":[],"yoast_head":"<!-- This site is optimized with the Yoast SEO plugin v27.4 - https:\/\/yoast.com\/product\/yoast-seo-wordpress\/ -->\n<title>Contact - Mazowiecki Szlak Tradycji<\/title>\n<meta name=\"robots\" content=\"index, follow, max-snippet:-1, max-image-preview:large, max-video-preview:-1\" \/>\n<link rel=\"canonical\" href=\"https:\/\/mazowieckiszlaktradycji.pl\/en\/contact\/\" \/>\n<meta property=\"og:locale\" content=\"en_US\" \/>\n<meta property=\"og:type\" content=\"article\" \/>\n<meta property=\"og:title\" content=\"Contact - Mazowiecki Szlak Tradycji\" \/>\n<meta property=\"og:url\" content=\"https:\/\/mazowieckiszlaktradycji.pl\/en\/contact\/\" \/>\n<meta property=\"og:site_name\" content=\"Mazowiecki Szlak Tradycji\" \/>\n<meta property=\"article:publisher\" content=\"https:\/\/mazowieckiszlaktradycji.pl\/wp-content\/uploads\/2021\/09\/fb_black.svg\" \/>\n<meta property=\"article:modified_time\" content=\"2021-11-02T14:11:07+00:00\" \/>\n<meta property=\"og:image\" content=\"https:\/\/mazowieckiszlaktradycji.pl\/wp-content\/uploads\/2022\/01\/MPP_1182m-e1643376624267.jpg\" \/>\n\t<meta property=\"og:image:width\" content=\"900\" \/>\n\t<meta property=\"og:image:height\" content=\"600\" \/>\n\t<meta property=\"og:image:type\" content=\"image\/jpeg\" \/>\n<meta name=\"twitter:card\" content=\"summary_large_image\" \/>\n<meta name=\"twitter:label1\" content=\"Est. reading time\" \/>\n\t<meta name=\"twitter:data1\" content=\"1 minute\" \/>\n<script type=\"application\/ld+json\" class=\"yoast-schema-graph\">{\"@context\":\"https:\\\/\\\/schema.org\",\"@graph\":[{\"@type\":\"WebPage\",\"@id\":\"https:\\\/\\\/mazowieckiszlaktradycji.pl\\\/en\\\/contact\\\/\",\"url\":\"https:\\\/\\\/mazowieckiszlaktradycji.pl\\\/en\\\/contact\\\/\",\"name\":\"Contact - Mazowiecki Szlak Tradycji\",\"isPartOf\":{\"@id\":\"https:\\\/\\\/mazowieckiszlaktradycji.pl\\\/en\\\/#website\"},\"primaryImageOfPage\":{\"@id\":\"https:\\\/\\\/mazowieckiszlaktradycji.pl\\\/en\\\/contact\\\/#primaryimage\"},\"image\":{\"@id\":\"https:\\\/\\\/mazowieckiszlaktradycji.pl\\\/en\\\/contact\\\/#primaryimage\"},\"thumbnailUrl\":\"https:\\\/\\\/mazowieckiszlaktradycji.pl\\\/wp-content\\\/uploads\\\/2022\\\/01\\\/MPP_1182m-e1643376624267.jpg\",\"datePublished\":\"2021-05-18T12:59:18+00:00\",\"dateModified\":\"2021-11-02T14:11:07+00:00\",\"breadcrumb\":{\"@id\":\"https:\\\/\\\/mazowieckiszlaktradycji.pl\\\/en\\\/contact\\\/#breadcrumb\"},\"inLanguage\":\"en-US\",\"potentialAction\":[{\"@type\":\"ReadAction\",\"target\":[\"https:\\\/\\\/mazowieckiszlaktradycji.pl\\\/en\\\/contact\\\/\"]}]},{\"@type\":\"ImageObject\",\"inLanguage\":\"en-US\",\"@id\":\"https:\\\/\\\/mazowieckiszlaktradycji.pl\\\/en\\\/contact\\\/#primaryimage\",\"url\":\"https:\\\/\\\/mazowieckiszlaktradycji.pl\\\/wp-content\\\/uploads\\\/2022\\\/01\\\/MPP_1182m-e1643376624267.jpg\",\"contentUrl\":\"https:\\\/\\\/mazowieckiszlaktradycji.pl\\\/wp-content\\\/uploads\\\/2022\\\/01\\\/MPP_1182m-e1643376624267.jpg\",\"width\":900,\"height\":600},{\"@type\":\"BreadcrumbList\",\"@id\":\"https:\\\/\\\/mazowieckiszlaktradycji.pl\\\/en\\\/contact\\\/#breadcrumb\",\"itemListElement\":[{\"@type\":\"ListItem\",\"position\":1,\"name\":\"Home\",\"item\":\"https:\\\/\\\/mazowieckiszlaktradycji.pl\\\/en\\\/\"},{\"@type\":\"ListItem\",\"position\":2,\"name\":\"Contact\"}]},{\"@type\":\"WebSite\",\"@id\":\"https:\\\/\\\/mazowieckiszlaktradycji.pl\\\/en\\\/#website\",\"url\":\"https:\\\/\\\/mazowieckiszlaktradycji.pl\\\/en\\\/\",\"name\":\"Mazowiecki Szlak Tradycji\",\"description\":\"co kraj, to obyczaj\",\"publisher\":{\"@id\":\"https:\\\/\\\/mazowieckiszlaktradycji.pl\\\/en\\\/#organization\"},\"potentialAction\":[{\"@type\":\"SearchAction\",\"target\":{\"@type\":\"EntryPoint\",\"urlTemplate\":\"https:\\\/\\\/mazowieckiszlaktradycji.pl\\\/en\\\/?s={search_term_string}\"},\"query-input\":{\"@type\":\"PropertyValueSpecification\",\"valueRequired\":true,\"valueName\":\"search_term_string\"}}],\"inLanguage\":\"en-US\"},{\"@type\":\"Organization\",\"@id\":\"https:\\\/\\\/mazowieckiszlaktradycji.pl\\\/en\\\/#organization\",\"name\":\"Mazowiecki Szlak Tradycji\",\"url\":\"https:\\\/\\\/mazowieckiszlaktradycji.pl\\\/en\\\/\",\"logo\":{\"@type\":\"ImageObject\",\"inLanguage\":\"en-US\",\"@id\":\"https:\\\/\\\/mazowieckiszlaktradycji.pl\\\/en\\\/#\\\/schema\\\/logo\\\/image\\\/\",\"url\":\"https:\\\/\\\/mazowieckiszlaktradycji.pl\\\/wp-content\\\/uploads\\\/2021\\\/09\\\/logo.png\",\"contentUrl\":\"https:\\\/\\\/mazowieckiszlaktradycji.pl\\\/wp-content\\\/uploads\\\/2021\\\/09\\\/logo.png\",\"width\":179,\"height\":142,\"caption\":\"Mazowiecki Szlak Tradycji\"},\"image\":{\"@id\":\"https:\\\/\\\/mazowieckiszlaktradycji.pl\\\/en\\\/#\\\/schema\\\/logo\\\/image\\\/\"},\"sameAs\":[\"https:\\\/\\\/mazowieckiszlaktradycji.pl\\\/wp-content\\\/uploads\\\/2021\\\/09\\\/fb_black.svg\",\"https:\\\/\\\/www.instagram.com\\\/mazowiecki_szlak_tradycji\",\"https:\\\/\\\/www.youtube.com\\\/channel\\\/UCjZygRU5FmlvACoF4tBSodA\"]}]}<\/script>\n<!-- \/ Yoast SEO plugin. -->","yoast_head_json":{"title":"Contact - Mazowiecki Szlak Tradycji","robots":{"index":"index","follow":"follow","max-snippet":"max-snippet:-1","max-image-preview":"max-image-preview:large","max-video-preview":"max-video-preview:-1"},"canonical":"https:\/\/mazowieckiszlaktradycji.pl\/en\/contact\/","og_locale":"en_US","og_type":"article","og_title":"Contact - Mazowiecki Szlak Tradycji","og_url":"https:\/\/mazowieckiszlaktradycji.pl\/en\/contact\/","og_site_name":"Mazowiecki Szlak Tradycji","article_publisher":"https:\/\/mazowieckiszlaktradycji.pl\/wp-content\/uploads\/2021\/09\/fb_black.svg","article_modified_time":"2021-11-02T14:11:07+00:00","og_image":[{"width":900,"height":600,"url":"https:\/\/mazowieckiszlaktradycji.pl\/wp-content\/uploads\/2022\/01\/MPP_1182m-e1643376624267.jpg","type":"image\/jpeg"}],"twitter_card":"summary_large_image","twitter_misc":{"Est. reading time":"1 minute"},"schema":{"@context":"https:\/\/schema.org","@graph":[{"@type":"WebPage","@id":"https:\/\/mazowieckiszlaktradycji.pl\/en\/contact\/","url":"https:\/\/mazowieckiszlaktradycji.pl\/en\/contact\/","name":"Contact - Mazowiecki Szlak Tradycji","isPartOf":{"@id":"https:\/\/mazowieckiszlaktradycji.pl\/en\/#website"},"primaryImageOfPage":{"@id":"https:\/\/mazowieckiszlaktradycji.pl\/en\/contact\/#primaryimage"},"image":{"@id":"https:\/\/mazowieckiszlaktradycji.pl\/en\/contact\/#primaryimage"},"thumbnailUrl":"https:\/\/mazowieckiszlaktradycji.pl\/wp-content\/uploads\/2022\/01\/MPP_1182m-e1643376624267.jpg","datePublished":"2021-05-18T12:59:18+00:00","dateModified":"2021-11-02T14:11:07+00:00","breadcrumb":{"@id":"https:\/\/mazowieckiszlaktradycji.pl\/en\/contact\/#breadcrumb"},"inLanguage":"en-US","potentialAction":[{"@type":"ReadAction","target":["https:\/\/mazowieckiszlaktradycji.pl\/en\/contact\/"]}]},{"@type":"ImageObject","inLanguage":"en-US","@id":"https:\/\/mazowieckiszlaktradycji.pl\/en\/contact\/#primaryimage","url":"https:\/\/mazowieckiszlaktradycji.pl\/wp-content\/uploads\/2022\/01\/MPP_1182m-e1643376624267.jpg","contentUrl":"https:\/\/mazowieckiszlaktradycji.pl\/wp-content\/uploads\/2022\/01\/MPP_1182m-e1643376624267.jpg","width":900,"height":600},{"@type":"BreadcrumbList","@id":"https:\/\/mazowieckiszlaktradycji.pl\/en\/contact\/#breadcrumb","itemListElement":[{"@type":"ListItem","position":1,"name":"Home","item":"https:\/\/mazowieckiszlaktradycji.pl\/en\/"},{"@type":"ListItem","position":2,"name":"Contact"}]},{"@type":"WebSite","@id":"https:\/\/mazowieckiszlaktradycji.pl\/en\/#website","url":"https:\/\/mazowieckiszlaktradycji.pl\/en\/","name":"Mazowiecki Szlak Tradycji","description":"co kraj, to obyczaj","publisher":{"@id":"https:\/\/mazowieckiszlaktradycji.pl\/en\/#organization"},"potentialAction":[{"@type":"SearchAction","target":{"@type":"EntryPoint","urlTemplate":"https:\/\/mazowieckiszlaktradycji.pl\/en\/?s={search_term_string}"},"query-input":{"@type":"PropertyValueSpecification","valueRequired":true,"valueName":"search_term_string"}}],"inLanguage":"en-US"},{"@type":"Organization","@id":"https:\/\/mazowieckiszlaktradycji.pl\/en\/#organization","name":"Mazowiecki Szlak Tradycji","url":"https:\/\/mazowieckiszlaktradycji.pl\/en\/","logo":{"@type":"ImageObject","inLanguage":"en-US","@id":"https:\/\/mazowieckiszlaktradycji.pl\/en\/#\/schema\/logo\/image\/","url":"https:\/\/mazowieckiszlaktradycji.pl\/wp-content\/uploads\/2021\/09\/logo.png","contentUrl":"https:\/\/mazowieckiszlaktradycji.pl\/wp-content\/uploads\/2021\/09\/logo.png","width":179,"height":142,"caption":"Mazowiecki Szlak Tradycji"},"image":{"@id":"https:\/\/mazowieckiszlaktradycji.pl\/en\/#\/schema\/logo\/image\/"},"sameAs":["https:\/\/mazowieckiszlaktradycji.pl\/wp-content\/uploads\/2021\/09\/fb_black.svg","https:\/\/www.instagram.com\/mazowiecki_szlak_tradycji","https:\/\/www.youtube.com\/channel\/UCjZygRU5FmlvACoF4tBSodA"]}]}},"featured_image_src":"https:\/\/mazowieckiszlaktradycji.pl\/wp-content\/uploads\/2022\/01\/MPP_1182m-600x400.jpg","featured_image_src_square":"https:\/\/mazowieckiszlaktradycji.pl\/wp-content\/uploads\/2022\/01\/MPP_1182m-600x600.jpg","_links":{"self":[{"href":"https:\/\/mazowieckiszlaktradycji.pl\/en\/wp-json\/wp\/v2\/pages\/1713","targetHints":{"allow":["GET"]}}],"collection":[{"href":"https:\/\/mazowieckiszlaktradycji.pl\/en\/wp-json\/wp\/v2\/pages"}],"about":[{"href":"https:\/\/mazowieckiszlaktradycji.pl\/en\/wp-json\/wp\/v2\/types\/page"}],"author":[{"embeddable":true,"href":"https:\/\/mazowieckiszlaktradycji.pl\/en\/wp-json\/wp\/v2\/users\/1"}],"replies":[{"embeddable":true,"href":"https:\/\/mazowieckiszlaktradycji.pl\/en\/wp-json\/wp\/v2\/comments?post=1713"}],"version-history":[{"count":2,"href":"https:\/\/mazowieckiszlaktradycji.pl\/en\/wp-json\/wp\/v2\/pages\/1713\/revisions"}],"predecessor-version":[{"id":6656,"href":"https:\/\/mazowieckiszlaktradycji.pl\/en\/wp-json\/wp\/v2\/pages\/1713\/revisions\/6656"}],"wp:featuredmedia":[{"embeddable":true,"href":"https:\/\/mazowieckiszlaktradycji.pl\/en\/wp-json\/wp\/v2\/media\/8419"}],"wp:attachment":[{"href":"https:\/\/mazowieckiszlaktradycji.pl\/en\/wp-json\/wp\/v2\/media?parent=1713"}],"curies":[{"name":"wp","href":"https:\/\/api.w.org\/{rel}","templated":true}]}}