{"id":1717,"date":"2021-08-25T13:43:02","date_gmt":"2021-08-25T13:43:02","guid":{"rendered":"http:\/\/mazowieckiszlaktradycji.pl\/o-projekcie\/"},"modified":"2021-11-02T12:13:22","modified_gmt":"2021-11-02T12:13:22","slug":"about-the-project","status":"publish","type":"page","link":"https:\/\/mazowieckiszlaktradycji.pl\/en\/about-the-project\/","title":{"rendered":"About the project"},"content":{"rendered":"\n<div class=\"wp-block-genesis-blocks-gb-columns gb-layout-columns-1 one-column\"><div class=\"gb-layout-column-wrap gb-block-layout-column-gap-2 gb-is-responsive-column\">\n<div class=\"wp-block-genesis-blocks-gb-column gb-block-layout-column\"><div class=\"gb-block-layout-column-inner\">\n<p><\/p>\n<\/div><\/div>\n<\/div><\/div>\n\n\n\n<div class=\"wp-block-columns is-layout-flex wp-container-core-columns-is-layout-9d6595d7 wp-block-columns-is-layout-flex\">\n<div class=\"wp-block-column is-layout-flow wp-block-column-is-layout-flow\" style=\"flex-basis:75%\">\n<h3 class=\"wp-block-heading\">Nasz cel<\/h3>\n\n\n\n<div class=\"wp-block-genesis-blocks-gb-columns gb-layout-service-4 gb-layout-columns-1 gb-1-col-equal gb-columns-center alignfull\"><div class=\"gb-layout-column-wrap gb-block-layout-column-gap-6 gb-is-responsive-column\" style=\"max-width:1200px\">\n<div class=\"wp-block-genesis-blocks-gb-column gb-block-layout-column\"><div class=\"gb-block-layout-column-inner\" style=\"padding-right:10%\">\n<p>Na przek\u00f3r nieuchronno\u015bci zmian, trwa &#8211; jakby w ukryciu \u2013 pewien fascynuj\u0105cy \u015bwiat. Oczarowani jego barwno\u015bci\u0105 wyruszyli\u015bmy w podr\u00f3\u017c ma\u0142o ucz\u0119szczanymi \u015bcie\u017ckami naszego regionu, by napotka\u0107 po drodze niezwyk\u0142e miejsca i ludzi przepe\u0142nionych pasj\u0105. To w\u0142a\u015bnie im, stra\u017cnikom wiedzy i umiej\u0119tno\u015bci naszych przodk\u00f3w, dedykujemy ten szlak.<\/p>\n\n\n\n<h3 class=\"our_goal has-white-color has-text-color wp-block-heading\">Nasz cel to: pami\u0119ta\u0107, zachowa\u0107, czerpa\u0107 inspiracje<\/h3>\n\n\n\n<p><font style=\"vertical-align: inherit;\"><font style=\"vertical-align: inherit;\">We would like to take you on this journey as well.<\/font><\/font><\/p>\n\n\n\n<div style=\"color:#ddd\" class=\"wp-block-genesis-blocks-gb-spacer gb-block-spacer gb-divider-solid gb-divider-size-1\"><hr style=\"height:30px\"\/><\/div>\n\n\n\n<h3 class=\"wp-block-heading\">Gdzie poprowadz\u0105 Ci\u0119 \u015bcie\u017cki szlaku<\/h3>\n\n\n\n<p>Na szlaku spotkasz tw\u00f3rc\u00f3w, kt\u00f3rzy z pasj\u0105 uprawiaj\u0105 tradycyjne formy r\u0119kodzie\u0142a. Mo\u017cesz zaprosi\u0107 ich na warsztaty, zam\u00f3wi\u0107 u nich przedmioty, kt\u00f3re wykonuj\u0105 lub zaanga\u017cowa\u0107 ich do wsp\u00f3\u0142pracy przy artystycznych projektach.<\/p>\n\n\n\n<div style=\"color:#ddd\" class=\"wp-block-genesis-blocks-gb-spacer gb-block-spacer gb-divider-solid gb-divider-size-1\"><hr style=\"height:13px\"\/><\/div>\n\n\n\n<p>Nasze \u015bcie\u017cki prowadz\u0105 tak\u017ce do \u015bwiata tradycyjnej muzyki i ta\u0144ca. Na szlaku znajdziesz informacje jak skontaktowa\u0107 si\u0119 z kapelami, zespo\u0142ami czy solistami. Mo\u017cesz zaprosi\u0107 ich do wzi\u0119cia udzia\u0142u w koncercie, pota\u0144c\u00f3wce, warsztatach, nagraniach.<\/p>\n\n\n\n<div style=\"color:#ddd\" class=\"wp-block-genesis-blocks-gb-spacer gb-block-spacer gb-divider-solid gb-divider-size-1\"><hr style=\"height:10px\"\/><\/div>\n\n\n\n<p>Na smakoszy regionalnej kuchni czekaj\u0105 wytw\u00f3rcy tradycyjnych produkt\u00f3w. Mo\u017cesz u nich skosztowa\u0107 i zam\u00f3wi\u0107 kulinaria wytwarzane tradycyjnymi metodami wed\u0142ug starych receptur.<\/p>\n\n\n\n<div style=\"color:#ddd\" class=\"wp-block-genesis-blocks-gb-spacer gb-block-spacer gb-divider-solid gb-divider-size-1\"><hr style=\"height:4px\"\/><\/div>\n\n\n\n<p>Mazowsze to kraina drewnianych ko\u015bcio\u0142\u00f3w. Fascynuj\u0105ce historie tych \u015bwi\u0119tych przybytk\u00f3w, okraszone zapachem starego drewna i kadzid\u0142a, czekaj\u0105 na odkrywc\u00f3w mniej znanych zabytk\u00f3w. Na stronie szlaku znajdziesz informacje o godzinach otwarcia ko\u015bcio\u0142\u00f3w i kontakt do ich opiekun\u00f3w.<\/p>\n\n\n\n<div style=\"color:#ddd\" class=\"wp-block-genesis-blocks-gb-spacer gb-block-spacer gb-divider-solid gb-divider-size-1\"><hr style=\"height:9px\"\/><\/div>\n\n\n\n<p>\u015acie\u017cki wiod\u0105 tak\u017ce do szczeg\u00f3lnych miejsc i ludzi skoncentrowanych na ochronie i zachowaniu tradycyjnej kultury \u2013 do muze\u00f3w, skansen\u00f3w, w\u0142a\u015bcicieli prywatnych kolekcji, instytucji i organizacji pozarz\u0105dowych. Mo\u017cesz odwiedzi\u0107 te miejsca, skorzysta\u0107 z propozycji projekt\u00f3w edukacyjnych, nawi\u0105za\u0107 ciekaw\u0105 wsp\u00f3\u0142prac\u0119 z lud\u017ami przepe\u0142nionymi zaanga\u017cowaniem i wiedz\u0105 w obszarze ochrony naszego dziedzictwa.<\/p>\n\n\n\n<div style=\"color:#ddd\" class=\"wp-block-genesis-blocks-gb-spacer gb-block-spacer gb-divider-solid gb-divider-size-1\"><hr style=\"height:11px\"\/><\/div>\n\n\n\n<p>Polecamy tak\u017ce r\u00f3\u017cnorodne imprezy \u2013 ka\u017cdy odnajdzie tu co\u015b dla siebie<\/p>\n\n\n\n<div style=\"color:#ddd\" class=\"wp-block-genesis-blocks-gb-spacer gb-block-spacer gb-divider-solid gb-divider-size-1\"><hr style=\"height:46px\"\/><\/div>\n\n\n\n<h3 class=\"wp-block-heading\">Finansowanie<\/h3>\n\n\n\n<p>Projekt &#8220;Zwi\u0119kszenie dost\u0119pno\u015bci do kultury poprzez utworzenie Mazowieckiego Szlaku Tradycji&#8221; wsp\u00f3\u0142finansowany przez Uni\u0119 Europejsk\u0105 ze \u015brodk\u00f3w Europejskiego Funduszu Rozwoju Regionalnego w ramach Regionalnego Programu Operacyjnego Wojew\u00f3dztwa Mazowieckiego 2007-2013 oraz ze \u015brodk\u00f3w bud\u017cetu wojew\u00f3dztwa mazowieckiego.<\/p>\n\n\n\n<div style=\"color:#ddd\" class=\"wp-block-genesis-blocks-gb-spacer gb-block-spacer gb-divider-solid gb-divider-size-1\"><hr style=\"height:42px\"\/><\/div>\n\n\n\n<h3 class=\"wp-block-heading\">Partnerzy i wsp\u00f3\u0142praca<\/h3>\n<\/div><\/div>\n<\/div><\/div>\n\n\n\n\n\n<div class=\"project_title\">Project partners:<\/div>\n\n<div class=\"row\">\n\n \n  \n<div class=\"col-xl-4 col-lg-6 col-md-4 col-sm-12 col-xs-12 pro_box\">\n\n<div class=\"project_box\"><a href=\"https:\/\/www.muzeum-radom.pl\/\" class=\"list_links\">\n<div class=\"project_logo\"><img decoding=\"async\" src=\"https:\/\/mazowieckiszlaktradycji.pl\/wp-content\/uploads\/2021\/09\/logo1.jpg\" alt=\"MUZEUM WSI RADOMSKIEJ\"> <div class=\"clearfix\"><\/div><\/div><\/a>\n<div class=\"project_logo_text\">MUZEUM WSI RADOMSKIEJ<\/div>\n<\/div>\n\n<\/div>\n\n\n \n\n<div class=\"col-xl-4 col-lg-6 col-md-4 col-sm-12 col-xs-12 pro_box\">\n\n<div class=\"project_box\"><a href=\"https:\/\/mwmskansen.pl\/\" class=\"list_links\">\n<div class=\"project_logo\"><img decoding=\"async\" src=\"https:\/\/mazowieckiszlaktradycji.pl\/wp-content\/uploads\/2021\/09\/logo2.jpg\" alt=\"MUZEUM WSI MAZOWIECKIEJ W SIERPCU\"> <div class=\"clearfix\"><\/div><\/div><\/a>\n<div class=\"project_logo_text\">MUZEUM WSI MAZOWIECKIEJ W SIERPCU<\/div>\n<\/div>\n\n<\/div>\n\n\n \n\n<div class=\"col-xl-4 col-lg-6 col-md-4 col-sm-12 col-xs-12 pro_box\">\n\n<div class=\"project_box\"><a href=\"https:\/\/ethnomuseum.pl\/\" class=\"list_links\">\n<div class=\"project_logo\"><img decoding=\"async\" src=\"https:\/\/mazowieckiszlaktradycji.pl\/wp-content\/uploads\/2021\/09\/logo3.jpg\" alt=\"PA\u0143STWOWE MUZEUM ETNOGRAFICZNE W WARSZAWIE\"> <div class=\"clearfix\"><\/div><\/div><\/a>\n<div class=\"project_logo_text\">PA\u0143STWOWE MUZEUM ETNOGRAFICZNE W WARSZAWIE<\/div>\n<\/div>\n\n<\/div>\n\n\n \n   \n    \n  <\/div>\n\n\n\n\n\n\n<div class=\"project_title\">Cooperation<\/div>\n\n<div class=\"row\">\n\n \n  \n<div class=\"col-xl-4 col-lg-6 col-md-4 col-sm-12 col-xs-12 pro_box\">\n\n<div class=\"project_box\"><a href=\"https:\/\/ariari.org\/pl\/\" class=\"list_links\">\n<div class=\"project_logo\"><img decoding=\"async\" src=\"https:\/\/mazowieckiszlaktradycji.pl\/wp-content\/uploads\/2021\/09\/logo-ariari-black-top-middle.png\" alt=\"FUNDACJA ARI ARI\"> <div class=\"clearfix\"><\/div><\/div><\/a>\n<div class=\"project_logo_text\">FUNDACJA ARI ARI<\/div>\n<\/div>\n\n<\/div>\n\n\n \n   \n    \n  <\/div>\n\n\n\n\n<h4 class=\"project_title wp-block-heading\"><strong>Autorzy opis\u00f3w:<\/strong><\/h4>\n\n\n\n<p>Ma\u0142gorzata Jaszczo\u0142t, Anna Kulikowska, Dominika Bok, Daniel Kunecki, Rafa\u0142 Gorczyca<\/p>\n\n\n\n<div style=\"color:#ddd\" class=\"wp-block-atomic-blocks-ab-spacer ab-block-spacer ab-divider-solid ab-divider-size-1\"><hr style=\"height:30px\"\/><\/div>\n\n\n\n<h4 class=\"project_title wp-block-heading\"><strong>Autorzy zdj\u0119\u0107:<\/strong><\/h4>\n\n\n\n<p>Krzysztof Hejke, Pawe\u0142 Heppner, Andrzej Zawadzki, Krzysztof Gajewski, Bartek Bartosi\u0144ski, Piotr To\u0142wi\u0144ski, Gutek Zegier, Olga Apanosowicz &#8211; Kat\u0142u-bej, \u0141ukasz Dobkowski, Bruno Fidrych, Adam Baku\u0142a, Tomasz Ogrodowczyk<\/p>\n\n\n\n<div style=\"color:#ddd\" class=\"wp-block-atomic-blocks-ab-spacer ab-block-spacer ab-divider-solid ab-divider-size-1\"><hr style=\"height:42px\"\/><\/div>\n\n\n\n<h3 class=\"wp-block-heading\">Informacja dla uczestnik\u00f3w projektu<br><\/h3>\n\n\n\n<h4 class=\"wp-block-heading\"><strong>Klauzula informacyjna RODO<\/strong><\/h4>\n\n\n\n<p>Uprzejmie informujemy, \u017ce:<\/p>\n\n\n\n<ul class=\"wp-block-list\"><li>administratorem danych osobowych jest Wojew\u00f3dztwo Mazowieckie, dane kontaktowe: Urz\u0105d Marsza\u0142kowski Wojew\u00f3dztwa Mazowieckiego w Warszawie, ul. Jagiello\u0144ska 26, 03-719 warszawa, tel. (22) 59 79&nbsp;100, e-mail:&nbsp;<a href=\"mailto:urz%C4%85d_marszalkowski@mazovia.pl\">urz\u0105d_marszalkowski@mazovia.pl<\/a>, ePUAP: \/umwm\/esp;<\/li><li>dane kontaktowe do inspektora ochrony danych to: tel. (22) 59 79&nbsp;663, e-mail:&nbsp;<a href=\"mailto:iod@mazovia.pl\">iod@mazovia.pl<\/a>.<\/li><\/ul>\n\n\n\n<p>Pani\/Pana dane osobowe:<\/p>\n\n\n\n<ul class=\"wp-block-list\"><li>b\u0119d\u0105 przetwarzane zgodnie z art. 6 ust. 1 lit. a rozporz\u0105dzenia Parlamentu Europejskiego i Rady UE z dnia 27 kwietnia 2016 r. w sprawie ochrony os\u00f3b fizycznych w zwi\u0105zku z przetwarzaniem danych osobowych i w sprawie swobodnego przep\u0142ywu takich danych oraz uchylenia dyrektywy 95\/46\/WE, dalej zwanego RODO, w celu realizacji projektu Mazowiecki Szlak Tradycji;<\/li><li>b\u0119d\u0105 udost\u0119pnione innym odbiorcom:<\/li><\/ul>\n\n\n\n<ol class=\"wp-block-list\"><li>w serwisie internetowym Mazowieckiego Szlaku Tradycji&nbsp;<a>www.mazowieckiszlaktradycji.com<\/a>,<\/li><li>na stronie internetowej samorz\u0105du wojew\u00f3dztwa mazowieckiego&nbsp;<a href=\"http:\/\/www.mazovia.pl\/\">www.mazovia.pl<\/a>&nbsp;oraz innych stronach internetowych i aplikacjach, kt\u00f3rych administratorem jest Wojew\u00f3dztwo Mazowieckie,<\/li><li>w fanpage\u2019u projektu Mazowiecki Szlak Tradycji na portalu spo\u0142eczno\u015bciowym Facebook oraz &nbsp;innych portalach spo\u0142eczno\u015bciowych prowadzonych przez Wojew\u00f3dztwo Mazowieckie,<\/li><li>w publikacjach promocyjnych, informacyjnych, w r\u00f3\u017cnego rodzaju opracowaniach, w prasie, mediach, spotach itp.;<\/li><\/ol>\n\n\n\n<ul class=\"wp-block-list\"><li>b\u0119d\u0105 przechowywane nie d\u0142u\u017cej, ni\u017c to wynika z przepis\u00f3w o archiwizacji;<\/li><li>nie b\u0119d\u0105 przetwarzane w spos\u00f3b zautomatyzowany, w celu podj\u0119cia decyzji w sprawie indywidualnej.<\/li><\/ul>\n\n\n\n<p>Przys\u0142uguje Pani\/Panu prawo \u017c\u0105dania:<\/p>\n\n\n\n<ul class=\"wp-block-list\"><li>&nbsp;dost\u0119pu do swoich danych osobowych, ich sprostowania, usuni\u0119cia w przypadkach i na zasadach okre\u015blonych w RODO, ograniczenia przetwarzania, przenoszenia danych, a tak\u017ce prawo do cofni\u0119cia zgody. Wycofanie zgody nie wp\u0142ywa na zgodno\u015b\u0107 z prawem przetwarzania, kt\u00f3rego dokonano na podstawie zgody przed jej wycofaniem;<\/li><li>wniesienia skargi do organu nadzorczego, kt\u00f3rym jest Prezes Urz\u0119du Ochrony Danych Osobowych &#8211; na zasadach okre\u015blonych w RODO.<\/li><\/ul>\n\n\n\n<p>Podanie danych osobowych jest dobrowolne, ale niezb\u0119dne do udzia\u0142u w projekcie Mazowiecki Szlak Tradycji na zasadzie uczestnika ww. projektu.<\/p>\n<\/div>\n\n\n\n<div class=\"wp-block-column hide is-layout-flow wp-block-column-is-layout-flow\" style=\"flex-basis:25%\">\n<h1 class=\"project_right_title wp-block-heading\"><font style=\"vertical-align: inherit;\"><font style=\"vertical-align: inherit;\">Zainspiruj si\u0119<\/font><\/font><\/h1>\n\n\n\n<figure class=\"wp-block-image size-full\"><a href=\"http:\/\/mazowieckiszlaktradycji.pl\/mapa\/?lang=en\"><img loading=\"lazy\" decoding=\"async\" width=\"318\" height=\"320\" src=\"http:\/\/mazowieckiszlaktradycji.pl\/wp-content\/uploads\/2021\/09\/right_map.png\" alt=\"Mapa \u015bcie\u017cek tematycznych\" class=\"wp-image-406\" srcset=\"https:\/\/mazowieckiszlaktradycji.pl\/wp-content\/uploads\/2021\/09\/right_map.png 318w, https:\/\/mazowieckiszlaktradycji.pl\/wp-content\/uploads\/2021\/09\/right_map-298x300.png 298w, https:\/\/mazowieckiszlaktradycji.pl\/wp-content\/uploads\/2021\/09\/right_map-150x150.png 150w\" sizes=\"auto, (max-width: 318px) 100vw, 318px\" \/><\/a><\/figure>\n<\/div>\n<\/div>\n","protected":false},"excerpt":{"rendered":"<p>Nasz cel Autorzy opis\u00f3w: Ma\u0142gorzata Jaszczo\u0142t, Anna Kulikowska, Dominika Bok, Daniel Kunecki, Rafa\u0142 Gorczyca Autorzy zdj\u0119\u0107: Krzysztof Hejke, Pawe\u0142 Heppner, Andrzej Zawadzki, Krzysztof Gajewski, Bartek Bartosi\u0144ski, Piotr To\u0142wi\u0144ski, Gutek Zegier, Olga Apanosowicz &#8211; Kat\u0142u-bej, \u0141ukasz Dobkowski, Bruno Fidrych, Adam Baku\u0142a, Tomasz Ogrodowczyk Informacja dla uczestnik\u00f3w projektu Klauzula informacyjna RODO Uprzejmie informujemy, \u017ce: administratorem danych osobowych [&hellip;]<\/p>\n","protected":false},"author":1,"featured_media":9861,"parent":0,"menu_order":25,"comment_status":"closed","ping_status":"closed","template":"page-templates\/template-inner-page.php","meta":{"_acf_changed":false,"_eb_attr":"","inline_featured_image":false,"footnotes":""},"class_list":["post-1717","page","type-page","status-publish","has-post-thumbnail","hentry"],"acf":[],"yoast_head":"<!-- This site is optimized with the Yoast SEO plugin v27.4 - https:\/\/yoast.com\/product\/yoast-seo-wordpress\/ -->\n<title>About the project - Mazowiecki Szlak Tradycji<\/title>\n<meta name=\"robots\" content=\"index, follow, max-snippet:-1, max-image-preview:large, max-video-preview:-1\" \/>\n<link rel=\"canonical\" href=\"https:\/\/mazowieckiszlaktradycji.pl\/en\/about-the-project\/\" \/>\n<meta property=\"og:locale\" content=\"en_US\" \/>\n<meta property=\"og:type\" content=\"article\" \/>\n<meta property=\"og:title\" content=\"About the project - Mazowiecki Szlak Tradycji\" \/>\n<meta property=\"og:description\" content=\"Nasz cel Autorzy opis\u00f3w: Ma\u0142gorzata Jaszczo\u0142t, Anna Kulikowska, Dominika Bok, Daniel Kunecki, Rafa\u0142 Gorczyca Autorzy zdj\u0119\u0107: Krzysztof Hejke, Pawe\u0142 Heppner, Andrzej Zawadzki, Krzysztof Gajewski, Bartek Bartosi\u0144ski, Piotr To\u0142wi\u0144ski, Gutek Zegier, Olga Apanosowicz &#8211; Kat\u0142u-bej, \u0141ukasz Dobkowski, Bruno Fidrych, Adam Baku\u0142a, Tomasz Ogrodowczyk Informacja dla uczestnik\u00f3w projektu Klauzula informacyjna RODO Uprzejmie informujemy, \u017ce: administratorem danych osobowych [&hellip;]\" \/>\n<meta property=\"og:url\" content=\"https:\/\/mazowieckiszlaktradycji.pl\/en\/about-the-project\/\" \/>\n<meta property=\"og:site_name\" content=\"Mazowiecki Szlak Tradycji\" \/>\n<meta property=\"article:publisher\" content=\"https:\/\/mazowieckiszlaktradycji.pl\/wp-content\/uploads\/2021\/09\/fb_black.svg\" \/>\n<meta property=\"article:modified_time\" content=\"2021-11-02T12:13:22+00:00\" \/>\n<meta property=\"og:image\" content=\"https:\/\/mazowieckiszlaktradycji.pl\/wp-content\/uploads\/2022\/06\/MPP_4552m.jpg\" \/>\n\t<meta property=\"og:image:width\" content=\"2040\" \/>\n\t<meta property=\"og:image:height\" content=\"1362\" \/>\n\t<meta property=\"og:image:type\" content=\"image\/jpeg\" \/>\n<meta name=\"twitter:card\" content=\"summary_large_image\" \/>\n<meta name=\"twitter:label1\" content=\"Est. reading time\" \/>\n\t<meta name=\"twitter:data1\" content=\"4 minutes\" \/>\n<script type=\"application\/ld+json\" class=\"yoast-schema-graph\">{\"@context\":\"https:\\\/\\\/schema.org\",\"@graph\":[{\"@type\":\"WebPage\",\"@id\":\"https:\\\/\\\/mazowieckiszlaktradycji.pl\\\/en\\\/about-the-project\\\/\",\"url\":\"https:\\\/\\\/mazowieckiszlaktradycji.pl\\\/en\\\/about-the-project\\\/\",\"name\":\"About the project - Mazowiecki Szlak Tradycji\",\"isPartOf\":{\"@id\":\"https:\\\/\\\/mazowieckiszlaktradycji.pl\\\/en\\\/#website\"},\"primaryImageOfPage\":{\"@id\":\"https:\\\/\\\/mazowieckiszlaktradycji.pl\\\/en\\\/about-the-project\\\/#primaryimage\"},\"image\":{\"@id\":\"https:\\\/\\\/mazowieckiszlaktradycji.pl\\\/en\\\/about-the-project\\\/#primaryimage\"},\"thumbnailUrl\":\"https:\\\/\\\/mazowieckiszlaktradycji.pl\\\/wp-content\\\/uploads\\\/2022\\\/06\\\/MPP_4552m.jpg\",\"datePublished\":\"2021-08-25T13:43:02+00:00\",\"dateModified\":\"2021-11-02T12:13:22+00:00\",\"breadcrumb\":{\"@id\":\"https:\\\/\\\/mazowieckiszlaktradycji.pl\\\/en\\\/about-the-project\\\/#breadcrumb\"},\"inLanguage\":\"en-US\",\"potentialAction\":[{\"@type\":\"ReadAction\",\"target\":[\"https:\\\/\\\/mazowieckiszlaktradycji.pl\\\/en\\\/about-the-project\\\/\"]}]},{\"@type\":\"ImageObject\",\"inLanguage\":\"en-US\",\"@id\":\"https:\\\/\\\/mazowieckiszlaktradycji.pl\\\/en\\\/about-the-project\\\/#primaryimage\",\"url\":\"https:\\\/\\\/mazowieckiszlaktradycji.pl\\\/wp-content\\\/uploads\\\/2022\\\/06\\\/MPP_4552m.jpg\",\"contentUrl\":\"https:\\\/\\\/mazowieckiszlaktradycji.pl\\\/wp-content\\\/uploads\\\/2022\\\/06\\\/MPP_4552m.jpg\",\"width\":2040,\"height\":1362},{\"@type\":\"BreadcrumbList\",\"@id\":\"https:\\\/\\\/mazowieckiszlaktradycji.pl\\\/en\\\/about-the-project\\\/#breadcrumb\",\"itemListElement\":[{\"@type\":\"ListItem\",\"position\":1,\"name\":\"Home\",\"item\":\"https:\\\/\\\/mazowieckiszlaktradycji.pl\\\/en\\\/\"},{\"@type\":\"ListItem\",\"position\":2,\"name\":\"About the project\"}]},{\"@type\":\"WebSite\",\"@id\":\"https:\\\/\\\/mazowieckiszlaktradycji.pl\\\/en\\\/#website\",\"url\":\"https:\\\/\\\/mazowieckiszlaktradycji.pl\\\/en\\\/\",\"name\":\"Mazowiecki Szlak Tradycji\",\"description\":\"co kraj, to obyczaj\",\"publisher\":{\"@id\":\"https:\\\/\\\/mazowieckiszlaktradycji.pl\\\/en\\\/#organization\"},\"potentialAction\":[{\"@type\":\"SearchAction\",\"target\":{\"@type\":\"EntryPoint\",\"urlTemplate\":\"https:\\\/\\\/mazowieckiszlaktradycji.pl\\\/en\\\/?s={search_term_string}\"},\"query-input\":{\"@type\":\"PropertyValueSpecification\",\"valueRequired\":true,\"valueName\":\"search_term_string\"}}],\"inLanguage\":\"en-US\"},{\"@type\":\"Organization\",\"@id\":\"https:\\\/\\\/mazowieckiszlaktradycji.pl\\\/en\\\/#organization\",\"name\":\"Mazowiecki Szlak Tradycji\",\"url\":\"https:\\\/\\\/mazowieckiszlaktradycji.pl\\\/en\\\/\",\"logo\":{\"@type\":\"ImageObject\",\"inLanguage\":\"en-US\",\"@id\":\"https:\\\/\\\/mazowieckiszlaktradycji.pl\\\/en\\\/#\\\/schema\\\/logo\\\/image\\\/\",\"url\":\"https:\\\/\\\/mazowieckiszlaktradycji.pl\\\/wp-content\\\/uploads\\\/2021\\\/09\\\/logo.png\",\"contentUrl\":\"https:\\\/\\\/mazowieckiszlaktradycji.pl\\\/wp-content\\\/uploads\\\/2021\\\/09\\\/logo.png\",\"width\":179,\"height\":142,\"caption\":\"Mazowiecki Szlak Tradycji\"},\"image\":{\"@id\":\"https:\\\/\\\/mazowieckiszlaktradycji.pl\\\/en\\\/#\\\/schema\\\/logo\\\/image\\\/\"},\"sameAs\":[\"https:\\\/\\\/mazowieckiszlaktradycji.pl\\\/wp-content\\\/uploads\\\/2021\\\/09\\\/fb_black.svg\",\"https:\\\/\\\/www.instagram.com\\\/mazowiecki_szlak_tradycji\",\"https:\\\/\\\/www.youtube.com\\\/channel\\\/UCjZygRU5FmlvACoF4tBSodA\"]}]}<\/script>\n<!-- \/ Yoast SEO plugin. -->","yoast_head_json":{"title":"About the project - Mazowiecki Szlak Tradycji","robots":{"index":"index","follow":"follow","max-snippet":"max-snippet:-1","max-image-preview":"max-image-preview:large","max-video-preview":"max-video-preview:-1"},"canonical":"https:\/\/mazowieckiszlaktradycji.pl\/en\/about-the-project\/","og_locale":"en_US","og_type":"article","og_title":"About the project - Mazowiecki Szlak Tradycji","og_description":"Nasz cel Autorzy opis\u00f3w: Ma\u0142gorzata Jaszczo\u0142t, Anna Kulikowska, Dominika Bok, Daniel Kunecki, Rafa\u0142 Gorczyca Autorzy zdj\u0119\u0107: Krzysztof Hejke, Pawe\u0142 Heppner, Andrzej Zawadzki, Krzysztof Gajewski, Bartek Bartosi\u0144ski, Piotr To\u0142wi\u0144ski, Gutek Zegier, Olga Apanosowicz &#8211; Kat\u0142u-bej, \u0141ukasz Dobkowski, Bruno Fidrych, Adam Baku\u0142a, Tomasz Ogrodowczyk Informacja dla uczestnik\u00f3w projektu Klauzula informacyjna RODO Uprzejmie informujemy, \u017ce: administratorem danych osobowych [&hellip;]","og_url":"https:\/\/mazowieckiszlaktradycji.pl\/en\/about-the-project\/","og_site_name":"Mazowiecki Szlak Tradycji","article_publisher":"https:\/\/mazowieckiszlaktradycji.pl\/wp-content\/uploads\/2021\/09\/fb_black.svg","article_modified_time":"2021-11-02T12:13:22+00:00","og_image":[{"width":2040,"height":1362,"url":"https:\/\/mazowieckiszlaktradycji.pl\/wp-content\/uploads\/2022\/06\/MPP_4552m.jpg","type":"image\/jpeg"}],"twitter_card":"summary_large_image","twitter_misc":{"Est. reading time":"4 minutes"},"schema":{"@context":"https:\/\/schema.org","@graph":[{"@type":"WebPage","@id":"https:\/\/mazowieckiszlaktradycji.pl\/en\/about-the-project\/","url":"https:\/\/mazowieckiszlaktradycji.pl\/en\/about-the-project\/","name":"About the project - Mazowiecki Szlak Tradycji","isPartOf":{"@id":"https:\/\/mazowieckiszlaktradycji.pl\/en\/#website"},"primaryImageOfPage":{"@id":"https:\/\/mazowieckiszlaktradycji.pl\/en\/about-the-project\/#primaryimage"},"image":{"@id":"https:\/\/mazowieckiszlaktradycji.pl\/en\/about-the-project\/#primaryimage"},"thumbnailUrl":"https:\/\/mazowieckiszlaktradycji.pl\/wp-content\/uploads\/2022\/06\/MPP_4552m.jpg","datePublished":"2021-08-25T13:43:02+00:00","dateModified":"2021-11-02T12:13:22+00:00","breadcrumb":{"@id":"https:\/\/mazowieckiszlaktradycji.pl\/en\/about-the-project\/#breadcrumb"},"inLanguage":"en-US","potentialAction":[{"@type":"ReadAction","target":["https:\/\/mazowieckiszlaktradycji.pl\/en\/about-the-project\/"]}]},{"@type":"ImageObject","inLanguage":"en-US","@id":"https:\/\/mazowieckiszlaktradycji.pl\/en\/about-the-project\/#primaryimage","url":"https:\/\/mazowieckiszlaktradycji.pl\/wp-content\/uploads\/2022\/06\/MPP_4552m.jpg","contentUrl":"https:\/\/mazowieckiszlaktradycji.pl\/wp-content\/uploads\/2022\/06\/MPP_4552m.jpg","width":2040,"height":1362},{"@type":"BreadcrumbList","@id":"https:\/\/mazowieckiszlaktradycji.pl\/en\/about-the-project\/#breadcrumb","itemListElement":[{"@type":"ListItem","position":1,"name":"Home","item":"https:\/\/mazowieckiszlaktradycji.pl\/en\/"},{"@type":"ListItem","position":2,"name":"About the project"}]},{"@type":"WebSite","@id":"https:\/\/mazowieckiszlaktradycji.pl\/en\/#website","url":"https:\/\/mazowieckiszlaktradycji.pl\/en\/","name":"Mazowiecki Szlak Tradycji","description":"co kraj, to obyczaj","publisher":{"@id":"https:\/\/mazowieckiszlaktradycji.pl\/en\/#organization"},"potentialAction":[{"@type":"SearchAction","target":{"@type":"EntryPoint","urlTemplate":"https:\/\/mazowieckiszlaktradycji.pl\/en\/?s={search_term_string}"},"query-input":{"@type":"PropertyValueSpecification","valueRequired":true,"valueName":"search_term_string"}}],"inLanguage":"en-US"},{"@type":"Organization","@id":"https:\/\/mazowieckiszlaktradycji.pl\/en\/#organization","name":"Mazowiecki Szlak Tradycji","url":"https:\/\/mazowieckiszlaktradycji.pl\/en\/","logo":{"@type":"ImageObject","inLanguage":"en-US","@id":"https:\/\/mazowieckiszlaktradycji.pl\/en\/#\/schema\/logo\/image\/","url":"https:\/\/mazowieckiszlaktradycji.pl\/wp-content\/uploads\/2021\/09\/logo.png","contentUrl":"https:\/\/mazowieckiszlaktradycji.pl\/wp-content\/uploads\/2021\/09\/logo.png","width":179,"height":142,"caption":"Mazowiecki Szlak Tradycji"},"image":{"@id":"https:\/\/mazowieckiszlaktradycji.pl\/en\/#\/schema\/logo\/image\/"},"sameAs":["https:\/\/mazowieckiszlaktradycji.pl\/wp-content\/uploads\/2021\/09\/fb_black.svg","https:\/\/www.instagram.com\/mazowiecki_szlak_tradycji","https:\/\/www.youtube.com\/channel\/UCjZygRU5FmlvACoF4tBSodA"]}]}},"featured_image_src":"https:\/\/mazowieckiszlaktradycji.pl\/wp-content\/uploads\/2022\/06\/MPP_4552m-600x400.jpg","featured_image_src_square":"https:\/\/mazowieckiszlaktradycji.pl\/wp-content\/uploads\/2022\/06\/MPP_4552m-600x600.jpg","_links":{"self":[{"href":"https:\/\/mazowieckiszlaktradycji.pl\/en\/wp-json\/wp\/v2\/pages\/1717","targetHints":{"allow":["GET"]}}],"collection":[{"href":"https:\/\/mazowieckiszlaktradycji.pl\/en\/wp-json\/wp\/v2\/pages"}],"about":[{"href":"https:\/\/mazowieckiszlaktradycji.pl\/en\/wp-json\/wp\/v2\/types\/page"}],"author":[{"embeddable":true,"href":"https:\/\/mazowieckiszlaktradycji.pl\/en\/wp-json\/wp\/v2\/users\/1"}],"replies":[{"embeddable":true,"href":"https:\/\/mazowieckiszlaktradycji.pl\/en\/wp-json\/wp\/v2\/comments?post=1717"}],"version-history":[{"count":2,"href":"https:\/\/mazowieckiszlaktradycji.pl\/en\/wp-json\/wp\/v2\/pages\/1717\/revisions"}],"predecessor-version":[{"id":6658,"href":"https:\/\/mazowieckiszlaktradycji.pl\/en\/wp-json\/wp\/v2\/pages\/1717\/revisions\/6658"}],"wp:featuredmedia":[{"embeddable":true,"href":"https:\/\/mazowieckiszlaktradycji.pl\/en\/wp-json\/wp\/v2\/media\/9861"}],"wp:attachment":[{"href":"https:\/\/mazowieckiszlaktradycji.pl\/en\/wp-json\/wp\/v2\/media?parent=1717"}],"curies":[{"name":"wp","href":"https:\/\/api.w.org\/{rel}","templated":true}]}}