{"id":1723,"date":"2021-05-18T11:36:35","date_gmt":"2021-05-18T11:36:35","guid":{"rendered":"http:\/\/mazowieckiszlaktradycji.pl\/home\/"},"modified":"2021-11-23T12:01:56","modified_gmt":"2021-11-23T12:01:56","slug":"home","status":"publish","type":"page","link":"https:\/\/mazowieckiszlaktradycji.pl\/en\/","title":{"rendered":"Home page"},"content":{"rendered":"<div class=\"main_sec\">\n<h1>Thematic paths<\/h1>\n<div class=\"row main_sm\">\n<div class=\"main_sec_bg main_sec_bg_purple\">\n<div class=\"triangle-left\"><\/div>\n<div class=\"triangle-left1\"><\/div><a href=\"https:\/\/mazowieckiszlaktradycji.pl\/en\/map\/\" class=\"list_linkshome\" >\n<div class=\"main_ic\"><img decoding=\"async\" src=\"https:\/\/mazowieckiszlaktradycji.pl\/wp-content\/themes\/mst\/images\/ic_map.png\" alt=\"Map\"><\/div>\n\n<div class=\" main_text\">Map<br>\n<span><\/span><\/div><\/a>\n<\/div>\n\n<div class=\"main_sec_bg1 main_sec_bg_purple\">\n<div class=\"hover03\">\n<figure><a href=\"https:\/\/mazowieckiszlaktradycji.pl\/en\/map\/\" class=\"list_linkshome\">\n<img decoding=\"async\" src=\"https:\/\/mazowieckiszlaktradycji.pl\/wp-content\/uploads\/2021\/10\/Kopia-_L2A4780-KP.jpg\" alt=\"mapa-title\" class=\"overlay_purple img-fluid\"><\/a>\n<\/figure>\n<\/div>\n<\/div>\n\n<div class=\"main_sec_bg main_sec_bg_red\"><a href=\"https:\/\/mazowieckiszlaktradycji.pl\/en\/thematic-paths-categories\/handicraft\/\" class=\"list_linkshome\">\n<div class=\"main_ic\"> <img decoding=\"async\" src=\"https:\/\/mazowieckiszlaktradycji.pl\/wp-content\/themes\/mst\/images\/ic_2.png\" alt=\"Handicraft\"><\/div>\n<div class=\" main_text\">Handicraft<br>\n<span>Handmade tradition<\/span><\/div><\/a>\n<\/div>\n\n<div class=\"main_sec_bg main_sec_bg_blue\"><a href=\"https:\/\/mazowieckiszlaktradycji.pl\/en\/thematic-paths-categories\/music-and-dance\/\" class=\"list_linkshome\">\n<div class=\"main_ic\"> <img decoding=\"async\" src=\"https:\/\/mazowieckiszlaktradycji.pl\/wp-content\/themes\/mst\/images\/ic_6.png\" alt=\"Music and dance\"><\/div>\n<div class=\" main_text\">Music and dance<br>\n<span>On a folk note<\/span><\/div><\/a>\n<\/div>\n\n<div class=\"main_sec_bg main_sec_bg_green\"><a href=\"https:\/\/mazowieckiszlaktradycji.pl\/en\/thematic-paths-categories\/rural-architecture\/\" class=\"list_linkshome\">\n<div class=\"main_ic\"> <img decoding=\"async\" src=\"https:\/\/mazowieckiszlaktradycji.pl\/wp-content\/themes\/mst\/images\/ic_3.png\" alt=\"Rural architecture\"><\/div>\n<div class=\" main_text\">Rural architecture<br>\n<span>Rural building<\/span><\/div><\/a>\n<\/div>\n\n<div class=\"main_sec_bg main_sec_bg_yellow\"><a href=\"https:\/\/mazowieckiszlaktradycji.pl\/en\/thematic-paths-categories\/culinary\/\" class=\"list_linkshome\">\n<div class=\"main_ic\"> <img decoding=\"async\" src=\"https:\/\/mazowieckiszlaktradycji.pl\/wp-content\/themes\/mst\/images\/ic_4.png\" alt=\"Culinary\"><\/div>\n<div class=\" main_text\">Culinary<br>\n<span>Enjoy your meal Mazovia!<\/span><\/div><\/a>\n<\/div>\n\n<div class=\"main_sec_bg main_sec_bg_voilet\"><a href=\"https:\/\/mazowieckiszlaktradycji.pl\/en\/thematic-paths-categories\/places\/\" class=\"list_linkshome\">\n<div class=\"main_ic\"> <img decoding=\"async\" src=\"https:\/\/mazowieckiszlaktradycji.pl\/wp-content\/themes\/mst\/images\/ic_5.png\" alt=\"Places\"><\/div>\n<div class=\" main_text\">Places<br>\n<span>Discover Mazovia<\/span><\/div><\/a>\n<\/div>\n\n<div class=\"main_sec_bg main_sec_bg_pink\">\n<div class=\"triangle-topleft\"><\/div><a href=\"https:\/\/mazowieckiszlaktradycji.pl\/en\/thematic-paths-categories\/events\/\" class=\"list_linkshome\">\n<div class=\"main_ic\"> <img decoding=\"async\" src=\"https:\/\/mazowieckiszlaktradycji.pl\/wp-content\/themes\/mst\/images\/ic_7.png\" alt=\"Events\"><\/div>\n<div class=\" main_text\">Events<br>\n<span>Happens!<\/span><\/div><\/a>\n<\/div>\n\n<div class=\"main_sec_bg1 main_sec_bg_green\">\n<div class=\"hover03\">\n<div class=\"triangle-topleft_img\"><\/div>\n<figure><a href=\"https:\/\/mazowieckiszlaktradycji.pl\/en\/thematic-paths-categories\/rural-architecture\/\" class=\"list_linkshome\">\n<img decoding=\"async\" src=\"https:\/\/mazowieckiszlaktradycji.pl\/wp-content\/uploads\/2021\/10\/Architektura-wiejska.png\" alt=\"wydarzenia-title\" class=\"overlay_purple img-fluid\"><\/a>\n<\/figure>\n<\/div>\n<\/div>\n\n<div class=\"main_sec_bg main_sec_bg_orange\">\n<div class=\"triangle-topleft_orange\"><\/div><a href=\"https:\/\/mazowieckiszlaktradycji.pl\/en\/thematic-paths-categories\/rites-and-customs\/\" class=\"list_linkshome\">\n<div class=\"main_ic\"> <img decoding=\"async\" src=\"https:\/\/mazowieckiszlaktradycji.pl\/wp-content\/themes\/mst\/images\/ic_8.png\" alt=\"Rites and customs\"><\/div>\n<div class=\" main_text\">Rites and customs<br>\n<span>Masovian celebration<\/span><\/div><\/a>\n<\/div>\n\n<div class=\"main_sec_bg1 main_sec_bg_orange\">\n<div class=\"hover03\">\n<figure><a href=\"https:\/\/mazowieckiszlaktradycji.pl\/en\/thematic-paths-categories\/rites-and-customs\/\" class=\"list_linkshome\">\n<img decoding=\"async\" src=\"https:\/\/mazowieckiszlaktradycji.pl\/wp-content\/uploads\/2021\/10\/rekodzielo-1.png\" alt=\"obrzdy-title\" class=\"overlay_purple img-fluid\"><\/a>\n<\/figure>\n<\/div>\n<\/div>\n\n<div class=\"main_sec_bg1 main_sec_bg_purple\">\n<div class=\"white_bg\">\n<div class=\"triangle-right\"><\/div>\n<div class=\"triangle-right1\"><\/div>\n<\/div>\n<div class=\"main_ic\"> <\/div>\n<div class=\" main_text\"><\/div>\n<\/div>\n\n<\/div>\n<\/div>\n\n\n<div class=\"news_sec\">\n\n\t\t<div class=\"row\">\n\t\t\t<div class=\"col-lg-12\">\n\t\t\t<h2>News<\/h2>\n\t\t\t<a id=\"tabnext\" href=\"https:\/\/mazowieckiszlaktradycji.pl\/en\/news\/\">\n\t\t\t\t<div class=\"news_sec_btn\">All news<\/div>\n\t\t\t<\/a>\n\t\t\t<\/div>\n\t\t<\/div>\n\n\n\n\n<div class=\"row news_all\">\n       <div class=\"col-xl-6 col-lg-6 col-md-6 col-sm-6 col-xs-12 news\">\n          \t\t  <div class=\"news_date\">Nowe wpisy na szlaku<\/div> \t\t   <h3 class=\"news_title\">I\u0142\u017cecki Jarmark Sztuki Ludowej<\/h3>\n\t\t   <div class=\"news_text\">Na naszym szlaku pojawi\u0142o si\u0119 kolejne wydarzenie, tym razem w mie\u015bcie I\u0142\u017ca, s\u0142yn\u0105cym z wielkanocnego barabanienia oraz tradycji garncarskich. I\u0142\u017cecki Jarmark Sztuki Ludowej to&#8230;<\/div>\n\t\t\t\t<a href=\"https:\/\/mazowieckiszlaktradycji.pl\/?post_type=post&#038;p=12769\" title=\"Czytaj wi\u0119cej o I\u0142\u017cecki Jarmark Sztuki Ludowej\">\n\t\t\t\t<div class=\"btn_readmore\">read more<\/div>\n\t\t\t\t<\/a>\n\n\t\t<\/div>\n\n\t\t<div class=\"col-xl-6 col-lg-6 col-md-6 col-sm-6 col-xs-12 news\">\n\t\t   <img decoding=\"async\" src=\"https:\/\/mazowieckiszlaktradycji.pl\/wp-content\/uploads\/2023\/07\/Jarmark-Sztuki-Ludowej-w-Ilzy_P.-Tolwinski_jpg-male-10-740x495.jpg\" aria-hidden=\"true\" alt=\"I\u0142\u017cecki Jarmark Sztuki Ludowej\">\n\t\t<\/div>\n <\/div>\n\n\t\t\t\n\t\n<\/div>\n\n\n<div class=\"newslist_sec\">\n<div class=\"row\">\n\n\t\n\n\n<\/div>\n<\/div>\n\n\n\n<div class=\"multimedia_sec\">\n<div class=\"row\">\n<div class=\"col-12\">\n<h2>Multimedia<\/h2>\n<a href=\"https:\/\/mazowieckiszlaktradycji.pl\/en\/multimedia\/\">\n<div class=\"multimedia_sec_btn\">Przejd\u017a do galerii<\/div><\/a>\n<\/div><\/div>\n\n<div class=\"row\">\n\n\n\n<div class=\"col-xl-3 col-lg-3 col-md-6 col-sm-6 col-xs-12 mob_48\">\n <a href=\"\/en\/multimedia\/?kategory=Other\" class=\"list_links\">\n<div class=\"multimedia\">\n  <img decoding=\"async\" src=\"https:\/\/mazowieckiszlaktradycji.pl\/wp-content\/uploads\/2021\/08\/media7.jpg\" alt=\"Exhibition\" aria-hidden=\"true\" class=\"image\">\n  <div class=\"middle\">\n   <div class=\"text\">Zobacz galerie<\/div>\n  <\/div>\n<\/div>\n<h3 class=\"multimedia_title\">Exhibition<\/h3>\n<\/a>\n<\/div>\n\n\n\n\n\n<div class=\"col-xl-3 col-lg-3 col-md-6 col-sm-6 col-xs-12 mob_48\">\n <a href=\"\/en\/multimedia\/?kategory=Handicraft\" class=\"list_links\">\n<div class=\"multimedia\">\n  <img decoding=\"async\" src=\"https:\/\/mazowieckiszlaktradycji.pl\/wp-content\/uploads\/2021\/08\/media8.jpg\" alt=\"Handicraft\" aria-hidden=\"true\" class=\"image\">\n  <div class=\"middle\">\n   <div class=\"text\">Zobacz galerie<\/div>\n  <\/div>\n<\/div>\n<h3 class=\"multimedia_title\">Handicraft<\/h3>\n<\/a>\n<\/div>\n\n\n\n\n\n<div class=\"col-xl-3 col-lg-3 col-md-6 col-sm-6 col-xs-12 mob_48\">\n <a href=\"\/en\/multimedia\/?kategory=places\" class=\"list_links\">\n<div class=\"multimedia\">\n  <img decoding=\"async\" src=\"https:\/\/mazowieckiszlaktradycji.pl\/wp-content\/uploads\/2021\/08\/media6.jpg\" alt=\"Places\" aria-hidden=\"true\" class=\"image\">\n  <div class=\"middle\">\n   <div class=\"text\">Zobacz galerie<\/div>\n  <\/div>\n<\/div>\n<h3 class=\"multimedia_title\">Places<\/h3>\n<\/a>\n<\/div>\n\n\n\n\n\n<div class=\"col-xl-3 col-lg-3 col-md-6 col-sm-6 col-xs-12 mob_48\">\n <a href=\"\/en\/multimedia\/?kategory=Culinary\" class=\"list_links\">\n<div class=\"multimedia\">\n  <img decoding=\"async\" src=\"https:\/\/mazowieckiszlaktradycji.pl\/wp-content\/uploads\/2021\/08\/media5.jpg\" alt=\"Culinary\" aria-hidden=\"true\" class=\"image\">\n  <div class=\"middle\">\n   <div class=\"text\">Zobacz galerie<\/div>\n  <\/div>\n<\/div>\n<h3 class=\"multimedia_title\">Culinary<\/h3>\n<\/a>\n<\/div>\n\n\n\n\n\n<div class=\"col-xl-3 col-lg-3 col-md-6 col-sm-6 col-xs-12 mob_48\">\n <a href=\"\/en\/multimedia\/?kategory=Music%20and%20dance\" class=\"list_links\">\n<div class=\"multimedia\">\n  <img decoding=\"async\" src=\"https:\/\/mazowieckiszlaktradycji.pl\/wp-content\/uploads\/2021\/08\/img7-353x236.jpg\" alt=\"Music and dance\" aria-hidden=\"true\" class=\"image\">\n  <div class=\"middle\">\n   <div class=\"text\">Zobacz galerie<\/div>\n  <\/div>\n<\/div>\n<h3 class=\"multimedia_title\">Music and dance<\/h3>\n<\/a>\n<\/div>\n\n\n\n\n\n<div class=\"col-xl-3 col-lg-3 col-md-6 col-sm-6 col-xs-12 mob_48\">\n <a href=\"\/en\/multimedia\/?kategory=Rural%20architecture\" class=\"list_links\">\n<div class=\"multimedia\">\n  <img decoding=\"async\" src=\"https:\/\/mazowieckiszlaktradycji.pl\/wp-content\/uploads\/2021\/08\/img6.jpg\" alt=\"Rural architecture\" aria-hidden=\"true\" class=\"image\">\n  <div class=\"middle\">\n   <div class=\"text\">Zobacz galerie<\/div>\n  <\/div>\n<\/div>\n<h3 class=\"multimedia_title\">Rural architecture<\/h3>\n<\/a>\n<\/div>\n\n\n\n\n\n<div class=\"col-xl-3 col-lg-3 col-md-6 col-sm-6 col-xs-12 mob_48\">\n <a href=\"\/en\/multimedia\/?kategory=Rites%20and%20Customs\" class=\"list_links\">\n<div class=\"multimedia\">\n  <img decoding=\"async\" src=\"https:\/\/mazowieckiszlaktradycji.pl\/wp-content\/uploads\/2021\/08\/img3.jpg\" alt=\"Rites and customs\" aria-hidden=\"true\" class=\"image\">\n  <div class=\"middle\">\n   <div class=\"text\">Zobacz galerie<\/div>\n  <\/div>\n<\/div>\n<h3 class=\"multimedia_title\">Rites and customs<\/h3>\n<\/a>\n<\/div>\n\n\n\n\n\n<div class=\"col-xl-3 col-lg-3 col-md-6 col-sm-6 col-xs-12 mob_48\">\n <a href=\"\/en\/multimedia\/?kategory=Events\" class=\"list_links\">\n<div class=\"multimedia\">\n  <img decoding=\"async\" src=\"https:\/\/mazowieckiszlaktradycji.pl\/wp-content\/uploads\/2021\/08\/img2-353x236.jpg\" alt=\"Events\" aria-hidden=\"true\" class=\"image\">\n  <div class=\"middle\">\n   <div class=\"text\">Zobacz galerie<\/div>\n  <\/div>\n<\/div>\n<h3 class=\"multimedia_title\">Events<\/h3>\n<\/a>\n<\/div>\n\n\n\n\n<\/div>\n<\/div>\n\n\n\n\n<div class=\"tradition_sec\">\n\n\n  <div id=\"carouselExampleIndicators\" class=\"carousel slide carousel_mob\" data-ride=\"carousel\">\n   <div class=\"carousel-inner  \">\n\n\n                <div class=\"carousel-item active\">\n          <div class=\"promoted-slide\">\n            <div class=\"promoted-slide__content white\">\n                <h2 class=\"promoted-slide__title\">Mazovia Tradition Trail<\/h2>\n                <div class=\"tradition_sec_text promoted-slide__excerpt\">\n                Lorem ipsum dolor sit amet, consetetur sadipscing elitr, sed diam nonumy eirmod tempor invidunt ut labore et dolore magna aliquyam erat, sed diam voluptua. At vero eos et accusam et justo duo dolores et ea rebum. Stet clita kasd gubergren, no sea takimata sanctus est Lorem ipsum dolor sit amet. Lorem ipsum dolor sit amet, consetetur sadipscing elitr, sed diam nonumy eirmod tempor invidunt ut labore et dolore magna aliquyam erat, sed diam voluptua. At vero eos et accusam.<\/div>\n                                <a class=\"btn_readmore btn_tardition promoted-slide__button\" href=\"#\">Read more<\/a>\n                            <\/div>\n\n            <div class=\"promoted-slide__media\">\n                <div class=\"img_post\">\n                    <div class=\"tradition_zigzag\"> <\/div>\n                      <div class=\"green_bg1\">\n          <figure class=\"promoted-slide__figure\"><img decoding=\"async\" src=\"https:\/\/mazowieckiszlaktradycji.pl\/wp-content\/uploads\/2021\/10\/img7.jpg\" class=\"promoted-slide__image d-block w-100 js-align-height\" alt=\"\"><\/figure>\n                      <\/div>\n                <\/div>\n            <\/div>\n          <\/div>\n        <\/div>\n\n\n                <div class=\"carousel-item \">\n          <div class=\"promoted-slide\">\n            <div class=\"promoted-slide__content white\">\n                <h2 class=\"promoted-slide__title\">Mazovia Tradition Trail<\/h2>\n                <div class=\"tradition_sec_text promoted-slide__excerpt\">\n                Lorem ipsum dolor sit amet, consetetur sadipscing elitr, sed diam nonumy eirmod tempor invidunt ut labore et dolore magna aliquyam erat, sed diam voluptua. At vero eos et accusam et justo duo dolores et ea rebum. Stet clita kasd gubergren, no sea takimata sanctus est Lorem ipsum dolor sit amet. Lorem ipsum dolor sit amet, consetetur sadipscing elitr, sed diam nonumy eirmod tempor invidunt ut labore et dolore magna aliquyam erat, sed diam voluptua. At vero eos et accusam.<\/div>\n                            <\/div>\n\n            <div class=\"promoted-slide__media\">\n                <div class=\"img_post\">\n                    <div class=\"tradition_zigzag\"> <\/div>\n                      <div class=\"green_bg1\">\n          <figure class=\"promoted-slide__figure\"><img decoding=\"async\" src=\"https:\/\/mazowieckiszlaktradycji.pl\/wp-content\/uploads\/2021\/10\/img7.jpg\" class=\"promoted-slide__image d-block w-100 js-align-height\" alt=\"\"><\/figure>\n                      <\/div>\n                <\/div>\n            <\/div>\n          <\/div>\n        <\/div>\n\n\n                   \n\n    <\/div>\n\n\t<div class=\"carousel-controls\" role=\"group\" aria-label=\"Nawigacja slajdera\">\n\t\t<a class=\"carousel-control-prev\" href=\"#carouselExampleIndicators\" role=\"button\" data-slide=\"prev\">\n\t\t\t<img decoding=\"async\" src=\"https:\/\/mazowieckiszlaktradycji.pl\/wp-content\/themes\/mst\/images\/arrow_right.png\" alt=\"previous\">\n\t\t<\/a>\n\t\t<a class=\"carousel-control-next\" href=\"#carouselExampleIndicators\" role=\"button\" data-slide=\"next\">\n\t\t\t<img decoding=\"async\" src=\"https:\/\/mazowieckiszlaktradycji.pl\/wp-content\/themes\/mst\/images\/arrow_left.png\" alt=\"Next\">\n\t\t<\/a>\n\t<\/div>\n  <\/div>\n\n    <div class=\"clearfix\"><\/div>\n<\/div>\n","protected":false},"excerpt":{"rendered":"","protected":false},"author":1,"featured_media":1108,"parent":0,"menu_order":7,"comment_status":"closed","ping_status":"closed","template":"page-templates\/template-full-page.php","meta":{"_acf_changed":false,"_eb_attr":"","inline_featured_image":false,"footnotes":""},"class_list":["post-1723","page","type-page","status-publish","has-post-thumbnail","hentry"],"acf":[],"yoast_head":"<!-- This site is optimized with the Yoast SEO plugin v27.4 - https:\/\/yoast.com\/product\/yoast-seo-wordpress\/ -->\n<title>Home page - Mazowiecki Szlak Tradycji<\/title>\n<meta name=\"robots\" content=\"index, follow, max-snippet:-1, max-image-preview:large, max-video-preview:-1\" \/>\n<link rel=\"canonical\" href=\"https:\/\/mazowieckiszlaktradycji.pl\/en\/\" \/>\n<meta property=\"og:locale\" content=\"en_US\" \/>\n<meta property=\"og:type\" content=\"article\" \/>\n<meta property=\"og:title\" content=\"Home page - Mazowiecki Szlak Tradycji\" \/>\n<meta property=\"og:url\" content=\"https:\/\/mazowieckiszlaktradycji.pl\/en\/\" \/>\n<meta property=\"og:site_name\" content=\"Mazowiecki Szlak Tradycji\" \/>\n<meta property=\"article:publisher\" content=\"https:\/\/mazowieckiszlaktradycji.pl\/wp-content\/uploads\/2021\/09\/fb_black.svg\" \/>\n<meta property=\"article:modified_time\" content=\"2021-11-23T12:01:56+00:00\" \/>\n<meta property=\"og:image\" content=\"https:\/\/mazowieckiszlaktradycji.pl\/wp-content\/uploads\/2020\/09\/2.png\" \/>\n\t<meta property=\"og:image:width\" content=\"450\" \/>\n\t<meta property=\"og:image:height\" content=\"301\" \/>\n\t<meta property=\"og:image:type\" content=\"image\/png\" \/>\n<meta name=\"twitter:card\" content=\"summary_large_image\" \/>\n<meta name=\"twitter:label1\" content=\"Est. reading time\" \/>\n\t<meta name=\"twitter:data1\" content=\"4 minutes\" \/>\n<script type=\"application\/ld+json\" class=\"yoast-schema-graph\">{\"@context\":\"https:\\\/\\\/schema.org\",\"@graph\":[{\"@type\":\"WebPage\",\"@id\":\"https:\\\/\\\/mazowieckiszlaktradycji.pl\\\/en\\\/\",\"url\":\"https:\\\/\\\/mazowieckiszlaktradycji.pl\\\/en\\\/\",\"name\":\"Home page - Mazowiecki Szlak Tradycji\",\"isPartOf\":{\"@id\":\"https:\\\/\\\/mazowieckiszlaktradycji.pl\\\/en\\\/#website\"},\"primaryImageOfPage\":{\"@id\":\"https:\\\/\\\/mazowieckiszlaktradycji.pl\\\/en\\\/#primaryimage\"},\"image\":{\"@id\":\"https:\\\/\\\/mazowieckiszlaktradycji.pl\\\/en\\\/#primaryimage\"},\"thumbnailUrl\":\"https:\\\/\\\/mazowieckiszlaktradycji.pl\\\/wp-content\\\/uploads\\\/2020\\\/09\\\/2.png\",\"datePublished\":\"2021-05-18T11:36:35+00:00\",\"dateModified\":\"2021-11-23T12:01:56+00:00\",\"breadcrumb\":{\"@id\":\"https:\\\/\\\/mazowieckiszlaktradycji.pl\\\/en\\\/#breadcrumb\"},\"inLanguage\":\"en-US\",\"potentialAction\":[{\"@type\":\"ReadAction\",\"target\":[\"https:\\\/\\\/mazowieckiszlaktradycji.pl\\\/en\\\/\"]}]},{\"@type\":\"ImageObject\",\"inLanguage\":\"en-US\",\"@id\":\"https:\\\/\\\/mazowieckiszlaktradycji.pl\\\/en\\\/#primaryimage\",\"url\":\"https:\\\/\\\/mazowieckiszlaktradycji.pl\\\/wp-content\\\/uploads\\\/2020\\\/09\\\/2.png\",\"contentUrl\":\"https:\\\/\\\/mazowieckiszlaktradycji.pl\\\/wp-content\\\/uploads\\\/2020\\\/09\\\/2.png\",\"width\":450,\"height\":301,\"caption\":\"Logo Mazowiecki Szlak Tradycji\"},{\"@type\":\"BreadcrumbList\",\"@id\":\"https:\\\/\\\/mazowieckiszlaktradycji.pl\\\/en\\\/#breadcrumb\",\"itemListElement\":[{\"@type\":\"ListItem\",\"position\":1,\"name\":\"Home\",\"item\":\"https:\\\/\\\/mazowieckiszlaktradycji.pl\\\/en\\\/\"},{\"@type\":\"ListItem\",\"position\":2,\"name\":\"Home page\"}]},{\"@type\":\"WebSite\",\"@id\":\"https:\\\/\\\/mazowieckiszlaktradycji.pl\\\/en\\\/#website\",\"url\":\"https:\\\/\\\/mazowieckiszlaktradycji.pl\\\/en\\\/\",\"name\":\"Mazowiecki Szlak Tradycji\",\"description\":\"co kraj, to obyczaj\",\"publisher\":{\"@id\":\"https:\\\/\\\/mazowieckiszlaktradycji.pl\\\/en\\\/#organization\"},\"potentialAction\":[{\"@type\":\"SearchAction\",\"target\":{\"@type\":\"EntryPoint\",\"urlTemplate\":\"https:\\\/\\\/mazowieckiszlaktradycji.pl\\\/en\\\/?s={search_term_string}\"},\"query-input\":{\"@type\":\"PropertyValueSpecification\",\"valueRequired\":true,\"valueName\":\"search_term_string\"}}],\"inLanguage\":\"en-US\"},{\"@type\":\"Organization\",\"@id\":\"https:\\\/\\\/mazowieckiszlaktradycji.pl\\\/en\\\/#organization\",\"name\":\"Mazowiecki Szlak Tradycji\",\"url\":\"https:\\\/\\\/mazowieckiszlaktradycji.pl\\\/en\\\/\",\"logo\":{\"@type\":\"ImageObject\",\"inLanguage\":\"en-US\",\"@id\":\"https:\\\/\\\/mazowieckiszlaktradycji.pl\\\/en\\\/#\\\/schema\\\/logo\\\/image\\\/\",\"url\":\"https:\\\/\\\/mazowieckiszlaktradycji.pl\\\/wp-content\\\/uploads\\\/2021\\\/09\\\/logo.png\",\"contentUrl\":\"https:\\\/\\\/mazowieckiszlaktradycji.pl\\\/wp-content\\\/uploads\\\/2021\\\/09\\\/logo.png\",\"width\":179,\"height\":142,\"caption\":\"Mazowiecki Szlak Tradycji\"},\"image\":{\"@id\":\"https:\\\/\\\/mazowieckiszlaktradycji.pl\\\/en\\\/#\\\/schema\\\/logo\\\/image\\\/\"},\"sameAs\":[\"https:\\\/\\\/mazowieckiszlaktradycji.pl\\\/wp-content\\\/uploads\\\/2021\\\/09\\\/fb_black.svg\",\"https:\\\/\\\/www.instagram.com\\\/mazowiecki_szlak_tradycji\",\"https:\\\/\\\/www.youtube.com\\\/channel\\\/UCjZygRU5FmlvACoF4tBSodA\"]}]}<\/script>\n<!-- \/ Yoast SEO plugin. -->","yoast_head_json":{"title":"Home page - Mazowiecki Szlak Tradycji","robots":{"index":"index","follow":"follow","max-snippet":"max-snippet:-1","max-image-preview":"max-image-preview:large","max-video-preview":"max-video-preview:-1"},"canonical":"https:\/\/mazowieckiszlaktradycji.pl\/en\/","og_locale":"en_US","og_type":"article","og_title":"Home page - Mazowiecki Szlak Tradycji","og_url":"https:\/\/mazowieckiszlaktradycji.pl\/en\/","og_site_name":"Mazowiecki Szlak Tradycji","article_publisher":"https:\/\/mazowieckiszlaktradycji.pl\/wp-content\/uploads\/2021\/09\/fb_black.svg","article_modified_time":"2021-11-23T12:01:56+00:00","og_image":[{"width":450,"height":301,"url":"https:\/\/mazowieckiszlaktradycji.pl\/wp-content\/uploads\/2020\/09\/2.png","type":"image\/png"}],"twitter_card":"summary_large_image","twitter_misc":{"Est. reading time":"4 minutes"},"schema":{"@context":"https:\/\/schema.org","@graph":[{"@type":"WebPage","@id":"https:\/\/mazowieckiszlaktradycji.pl\/en\/","url":"https:\/\/mazowieckiszlaktradycji.pl\/en\/","name":"Home page - Mazowiecki Szlak Tradycji","isPartOf":{"@id":"https:\/\/mazowieckiszlaktradycji.pl\/en\/#website"},"primaryImageOfPage":{"@id":"https:\/\/mazowieckiszlaktradycji.pl\/en\/#primaryimage"},"image":{"@id":"https:\/\/mazowieckiszlaktradycji.pl\/en\/#primaryimage"},"thumbnailUrl":"https:\/\/mazowieckiszlaktradycji.pl\/wp-content\/uploads\/2020\/09\/2.png","datePublished":"2021-05-18T11:36:35+00:00","dateModified":"2021-11-23T12:01:56+00:00","breadcrumb":{"@id":"https:\/\/mazowieckiszlaktradycji.pl\/en\/#breadcrumb"},"inLanguage":"en-US","potentialAction":[{"@type":"ReadAction","target":["https:\/\/mazowieckiszlaktradycji.pl\/en\/"]}]},{"@type":"ImageObject","inLanguage":"en-US","@id":"https:\/\/mazowieckiszlaktradycji.pl\/en\/#primaryimage","url":"https:\/\/mazowieckiszlaktradycji.pl\/wp-content\/uploads\/2020\/09\/2.png","contentUrl":"https:\/\/mazowieckiszlaktradycji.pl\/wp-content\/uploads\/2020\/09\/2.png","width":450,"height":301,"caption":"Logo Mazowiecki Szlak Tradycji"},{"@type":"BreadcrumbList","@id":"https:\/\/mazowieckiszlaktradycji.pl\/en\/#breadcrumb","itemListElement":[{"@type":"ListItem","position":1,"name":"Home","item":"https:\/\/mazowieckiszlaktradycji.pl\/en\/"},{"@type":"ListItem","position":2,"name":"Home page"}]},{"@type":"WebSite","@id":"https:\/\/mazowieckiszlaktradycji.pl\/en\/#website","url":"https:\/\/mazowieckiszlaktradycji.pl\/en\/","name":"Mazowiecki Szlak Tradycji","description":"co kraj, to obyczaj","publisher":{"@id":"https:\/\/mazowieckiszlaktradycji.pl\/en\/#organization"},"potentialAction":[{"@type":"SearchAction","target":{"@type":"EntryPoint","urlTemplate":"https:\/\/mazowieckiszlaktradycji.pl\/en\/?s={search_term_string}"},"query-input":{"@type":"PropertyValueSpecification","valueRequired":true,"valueName":"search_term_string"}}],"inLanguage":"en-US"},{"@type":"Organization","@id":"https:\/\/mazowieckiszlaktradycji.pl\/en\/#organization","name":"Mazowiecki Szlak Tradycji","url":"https:\/\/mazowieckiszlaktradycji.pl\/en\/","logo":{"@type":"ImageObject","inLanguage":"en-US","@id":"https:\/\/mazowieckiszlaktradycji.pl\/en\/#\/schema\/logo\/image\/","url":"https:\/\/mazowieckiszlaktradycji.pl\/wp-content\/uploads\/2021\/09\/logo.png","contentUrl":"https:\/\/mazowieckiszlaktradycji.pl\/wp-content\/uploads\/2021\/09\/logo.png","width":179,"height":142,"caption":"Mazowiecki Szlak Tradycji"},"image":{"@id":"https:\/\/mazowieckiszlaktradycji.pl\/en\/#\/schema\/logo\/image\/"},"sameAs":["https:\/\/mazowieckiszlaktradycji.pl\/wp-content\/uploads\/2021\/09\/fb_black.svg","https:\/\/www.instagram.com\/mazowiecki_szlak_tradycji","https:\/\/www.youtube.com\/channel\/UCjZygRU5FmlvACoF4tBSodA"]}]}},"featured_image_src":"https:\/\/mazowieckiszlaktradycji.pl\/wp-content\/uploads\/2020\/09\/2.png","featured_image_src_square":"https:\/\/mazowieckiszlaktradycji.pl\/wp-content\/uploads\/2020\/09\/2.png","_links":{"self":[{"href":"https:\/\/mazowieckiszlaktradycji.pl\/en\/wp-json\/wp\/v2\/pages\/1723","targetHints":{"allow":["GET"]}}],"collection":[{"href":"https:\/\/mazowieckiszlaktradycji.pl\/en\/wp-json\/wp\/v2\/pages"}],"about":[{"href":"https:\/\/mazowieckiszlaktradycji.pl\/en\/wp-json\/wp\/v2\/types\/page"}],"author":[{"embeddable":true,"href":"https:\/\/mazowieckiszlaktradycji.pl\/en\/wp-json\/wp\/v2\/users\/1"}],"replies":[{"embeddable":true,"href":"https:\/\/mazowieckiszlaktradycji.pl\/en\/wp-json\/wp\/v2\/comments?post=1723"}],"version-history":[{"count":31,"href":"https:\/\/mazowieckiszlaktradycji.pl\/en\/wp-json\/wp\/v2\/pages\/1723\/revisions"}],"predecessor-version":[{"id":7785,"href":"https:\/\/mazowieckiszlaktradycji.pl\/en\/wp-json\/wp\/v2\/pages\/1723\/revisions\/7785"}],"wp:featuredmedia":[{"embeddable":true,"href":"https:\/\/mazowieckiszlaktradycji.pl\/en\/wp-json\/wp\/v2\/media\/1108"}],"wp:attachment":[{"href":"https:\/\/mazowieckiszlaktradycji.pl\/en\/wp-json\/wp\/v2\/media?parent=1723"}],"curies":[{"name":"wp","href":"https:\/\/api.w.org\/{rel}","templated":true}]}}